{"id":357,"date":"2026-05-06T08:31:06","date_gmt":"2026-05-06T06:31:06","guid":{"rendered":"https:\/\/hepftig-menschlich.de\/?page_id=357"},"modified":"2026-05-06T08:31:07","modified_gmt":"2026-05-06T06:31:07","slug":"einsatzbereiche-der-heilerziehungspflegerinnen","status":"publish","type":"page","link":"https:\/\/hepftig-menschlich.de\/de_es\/einsatzbereiche-der-heilerziehungspflegerinnen\/","title":{"rendered":"Wo arbeiten Heilerziehungspfleger:innen?"},"content":{"rendered":"<p class=\"wp-block-paragraph\"><\/p>\n\n\n\n<p class=\"wp-block-paragraph\">Die Ausbildung umfasst viele Themen. <br>\nDeshalb k\u00f6nnen Heilerziehungspfleger: innen in verschiedenen Bereichen arbeiten. <br><\/p>\n\n\n\n<p class=\"wp-block-paragraph\"><strong>Heilerziehungspfleger:innen arbeiten zum Beispiel<\/strong>:<\/p>\n\n\n\n<ul class=\"wp-block-list\">\n<li>in Wohngruppen der Eingliederungshilfe<\/li>\n\n\n\n<li>in Werkst\u00e4tten f\u00fcr Menschen mit Behinderung<\/li>\n\n\n\n<li>in Tagesf\u00f6rderst\u00e4tten und F\u00f6rderschulen<\/li>\n\n\n\n<li>in Fr\u00fchf\u00f6rderungsgruppen<\/li>\n\n\n\n<li>in ambulanten Diensten <\/li>\n\n\n\n<li>in Kliniken<\/li>\n\n\n\n<li>in Therapiezentren <\/li>\n\n\n\n<li>in Freizeitangeboten<\/li>\n\n\n\n<li>in Kinderg\u00e4rten (Abschluss zur\/ zum Heilerziehungspfleger:in wird mit dem\/der Erzieher:in gleichgestellt)<\/li>\n<\/ul>\n\n\n\n<p class=\"wp-block-paragraph\"><strong>Verschiedene Wohnformen in der Behindertenhilfe<\/strong>:<\/p>\n\n\n\n<p class=\"wp-block-paragraph\">Es gibt verschiedene Arten zu Wohnen. <br>\nDie an die Bed\u00fcrfnisse, der Menschen angepasst sind. <br><\/p>\n\n\n\n<ul class=\"wp-block-list\">\n<li><strong>Station\u00e4re Wohnformen:<\/strong> Wohngruppen oder Wohnheime mit Rund-um-die-Uhr-Betreuung. <br>\nZum Beispiel: eine geschlossene Wohngruppe <\/li>\n<\/ul>\n\n\n\n<p class=\"wp-block-paragraph\"><em>mehr Infos? -> siehe Interview: Frag einen Heilerziehungspflegehelfer, der auf einer geschlossenen Wohngruppe arbeitet. <\/em><\/p>\n\n\n\n<ul class=\"wp-block-list\">\n<li><strong>Teilbetreute Wohnformen:<\/strong> Unterst\u00fctzung zu bestimmten Zeiten bei gleichzeitig gr\u00f6\u00dferer<br>Selbstst\u00e4ndigkeit. Zum Beispiel: eine Au\u00dfenwohngruppe\/ eine offene Wohngruppe <\/li>\n<\/ul>\n\n\n\n<p class=\"wp-block-paragraph\"><em>mehr Infos? -> siehe Interview: Frag einen Heilerziehungspflegehelfer, der auf einer offenen Wohngruppe arbeitet.<\/em><\/p>\n\n\n\n<p class=\"wp-block-paragraph\"><\/p>\n\n\n\n<ul class=\"wp-block-list\">\n<li><strong>Ambulant betreutes Wohnen:<\/strong> Menschen leben in der eigenen Wohnung und erhalten je<br>nach Bedarf Begleitung.<\/li>\n<\/ul>\n\n\n\n<p class=\"wp-block-paragraph\"><\/p>\n\n\n\n<ul class=\"wp-block-list\">\n<li><strong>Gemeinschaftliche Wohnprojekte:<\/strong> Inklusive Wohnformen, in denen Menschen mit und<br>ohne Behinderung zusammenleben.<br><\/li>\n<\/ul>\n\n\n\n<p class=\"wp-block-paragraph\">Diese Vielfalt zeigt: <br>\n Heilerziehungspflege ist mehr als ein Beruf \u2013 sie bedeutet gelebte Inklusion<br>und echte Teilhabe am gesellschaftlichen Leben.<\/p>\n\n\n\n<p class=\"wp-block-paragraph\"><\/p>","protected":false},"excerpt":{"rendered":"<p>Durch die vielseitige Ausbildung zum \/zur Heilerziehungspfleger:in k\u00f6nnen die ausgebildeten Fachkr\u00e4fte in verschiedenen Bereichen t\u00e4tig werden. Heilerziehungspfleger:innen arbeiten zum Beispiel: Verschiedene Wohnformen in der Behindertenhilfe: Hier gibt es verschiedene Modelle, die die unterschiedlichen Unterst\u00fctzungsbedarfe, der Menschen ber\u00fccksichtigen: mehr Infos? -> siehe Interview: Frag einen Heilerziehungspflegehelfer, der auf einer geschlossenen Wohngruppe arbeitet. mehr Infos? -> siehe [&hellip;]<\/p>\n","protected":false},"author":274213892,"featured_media":378,"parent":0,"menu_order":0,"comment_status":"closed","ping_status":"closed","template":"","meta":{"_crdt_document":"","footnotes":""},"class_list":["post-357","page","type-page","status-publish","has-post-thumbnail","hentry"],"yoast_head":"<!-- This site is optimized with the Yoast SEO plugin v27.5 - https:\/\/yoast.com\/product\/yoast-seo-wordpress\/ -->\n<title>Einsatzbereiche der Heilerziehungspfleger:innen - HEPftig menschlich<\/title>\n<meta name=\"robots\" content=\"index, follow, max-snippet:-1, max-image-preview:large, max-video-preview:-1\" \/>\n<link rel=\"canonical\" href=\"https:\/\/hepftig-menschlich.de\/de_es\/einsatzbereiche-der-heilerziehungspflegerinnen\/\" \/>\n<meta property=\"og:locale\" content=\"de_DE\" \/>\n<meta property=\"og:type\" content=\"article\" \/>\n<meta property=\"og:title\" content=\"Einsatzbereiche der Heilerziehungspfleger:innen - HEPftig menschlich\" \/>\n<meta property=\"og:description\" content=\"Durch die vielseitige Ausbildung zum \/zur Heilerziehungspfleger:in k\u00f6nnen die ausgebildeten Fachkr\u00e4fte in verschiedenen Bereichen t\u00e4tig werden. Heilerziehungspfleger:innen arbeiten zum Beispiel: Verschiedene Wohnformen in der Behindertenhilfe: Hier gibt es verschiedene Modelle, die die unterschiedlichen Unterst\u00fctzungsbedarfe, der Menschen ber\u00fccksichtigen: mehr Infos? -&gt; siehe Interview: Frag einen Heilerziehungspflegehelfer, der auf einer geschlossenen Wohngruppe arbeitet. mehr Infos? -&gt; siehe [&hellip;]\" \/>\n<meta property=\"og:url\" content=\"https:\/\/hepftig-menschlich.de\/de_es\/einsatzbereiche-der-heilerziehungspflegerinnen\/\" \/>\n<meta property=\"og:site_name\" content=\"HEPftig menschlich\" \/>\n<meta property=\"article:modified_time\" content=\"2026-05-06T06:31:07+00:00\" \/>\n<meta property=\"og:image\" content=\"https:\/\/hepftig-menschlich.de\/wp-content\/uploads\/2026\/05\/pexels-photo-18429459.jpeg\" \/>\n\t<meta property=\"og:image:width\" content=\"1880\" \/>\n\t<meta property=\"og:image:height\" content=\"1253\" \/>\n\t<meta property=\"og:image:type\" content=\"image\/jpeg\" \/>\n<meta name=\"twitter:card\" content=\"summary_large_image\" \/>\n<meta name=\"twitter:label1\" content=\"Est. reading time\" \/>\n\t<meta name=\"twitter:data1\" content=\"2 minutes\" \/>\n<script type=\"application\/ld+json\" class=\"yoast-schema-graph\">{\"@context\":\"https:\\\/\\\/schema.org\",\"@graph\":[{\"@type\":\"WebPage\",\"@id\":\"https:\\\/\\\/hepftig-menschlich.de\\\/einsatzbereiche-der-heilerziehungspflegerinnen\\\/\",\"url\":\"https:\\\/\\\/hepftig-menschlich.de\\\/einsatzbereiche-der-heilerziehungspflegerinnen\\\/\",\"name\":\"Einsatzbereiche der Heilerziehungspfleger:innen - HEPftig menschlich\",\"isPartOf\":{\"@id\":\"https:\\\/\\\/hepftig-menschlich.de\\\/#website\"},\"primaryImageOfPage\":{\"@id\":\"https:\\\/\\\/hepftig-menschlich.de\\\/einsatzbereiche-der-heilerziehungspflegerinnen\\\/#primaryimage\"},\"image\":{\"@id\":\"https:\\\/\\\/hepftig-menschlich.de\\\/einsatzbereiche-der-heilerziehungspflegerinnen\\\/#primaryimage\"},\"thumbnailUrl\":\"https:\\\/\\\/i0.wp.com\\\/hepftig-menschlich.de\\\/wp-content\\\/uploads\\\/2026\\\/05\\\/pexels-photo-18429459.jpeg?fit=1880%2C1253&ssl=1\",\"datePublished\":\"2026-05-06T06:31:06+00:00\",\"dateModified\":\"2026-05-06T06:31:07+00:00\",\"breadcrumb\":{\"@id\":\"https:\\\/\\\/hepftig-menschlich.de\\\/einsatzbereiche-der-heilerziehungspflegerinnen\\\/#breadcrumb\"},\"inLanguage\":\"de-ES\",\"potentialAction\":[{\"@type\":\"ReadAction\",\"target\":[\"https:\\\/\\\/hepftig-menschlich.de\\\/einsatzbereiche-der-heilerziehungspflegerinnen\\\/\"]}]},{\"@type\":\"ImageObject\",\"inLanguage\":\"de-ES\",\"@id\":\"https:\\\/\\\/hepftig-menschlich.de\\\/einsatzbereiche-der-heilerziehungspflegerinnen\\\/#primaryimage\",\"url\":\"https:\\\/\\\/i0.wp.com\\\/hepftig-menschlich.de\\\/wp-content\\\/uploads\\\/2026\\\/05\\\/pexels-photo-18429459.jpeg?fit=1880%2C1253&ssl=1\",\"contentUrl\":\"https:\\\/\\\/i0.wp.com\\\/hepftig-menschlich.de\\\/wp-content\\\/uploads\\\/2026\\\/05\\\/pexels-photo-18429459.jpeg?fit=1880%2C1253&ssl=1\",\"width\":1880,\"height\":1253,\"caption\":\"Photo by Jsme MILA on Pexels.com\"},{\"@type\":\"BreadcrumbList\",\"@id\":\"https:\\\/\\\/hepftig-menschlich.de\\\/einsatzbereiche-der-heilerziehungspflegerinnen\\\/#breadcrumb\",\"itemListElement\":[{\"@type\":\"ListItem\",\"position\":1,\"name\":\"Start\",\"item\":\"https:\\\/\\\/hepftig-menschlich.de\\\/\"},{\"@type\":\"ListItem\",\"position\":2,\"name\":\"Einsatzbereiche der Heilerziehungspfleger:innen\"}]},{\"@type\":\"WebSite\",\"@id\":\"https:\\\/\\\/hepftig-menschlich.de\\\/#website\",\"url\":\"https:\\\/\\\/hepftig-menschlich.de\\\/\",\"name\":\"HEPftig menschlich\",\"description\":\"Farben des Alltags\",\"publisher\":{\"@id\":\"https:\\\/\\\/hepftig-menschlich.de\\\/#organization\"},\"potentialAction\":[{\"@type\":\"SearchAction\",\"target\":{\"@type\":\"EntryPoint\",\"urlTemplate\":\"https:\\\/\\\/hepftig-menschlich.de\\\/?s={search_term_string}\"},\"query-input\":{\"@type\":\"PropertyValueSpecification\",\"valueRequired\":true,\"valueName\":\"search_term_string\"}}],\"inLanguage\":\"de-ES\"},{\"@type\":\"Organization\",\"@id\":\"https:\\\/\\\/hepftig-menschlich.de\\\/#organization\",\"name\":\"HEPftig menschlich\",\"url\":\"https:\\\/\\\/hepftig-menschlich.de\\\/\",\"logo\":{\"@type\":\"ImageObject\",\"inLanguage\":\"de-ES\",\"@id\":\"https:\\\/\\\/hepftig-menschlich.de\\\/#\\\/schema\\\/logo\\\/image\\\/\",\"url\":\"https:\\\/\\\/i0.wp.com\\\/hepftig-menschlich.de\\\/wp-content\\\/uploads\\\/2025\\\/10\\\/logo_hepftigmenschlich_banner.png?fit=4961%2C1024&ssl=1\",\"contentUrl\":\"https:\\\/\\\/i0.wp.com\\\/hepftig-menschlich.de\\\/wp-content\\\/uploads\\\/2025\\\/10\\\/logo_hepftigmenschlich_banner.png?fit=4961%2C1024&ssl=1\",\"width\":4961,\"height\":1024,\"caption\":\"HEPftig menschlich\"},\"image\":{\"@id\":\"https:\\\/\\\/hepftig-menschlich.de\\\/#\\\/schema\\\/logo\\\/image\\\/\"},\"sameAs\":[\"https:\\\/\\\/www.instagram.com\\\/hepftig_menschlich\"]}]}<\/script>\n<!-- \/ Yoast SEO plugin. -->","yoast_head_json":{"title":"Einsatzbereiche der Heilerziehungspfleger:innen - HEPftig menschlich","robots":{"index":"index","follow":"follow","max-snippet":"max-snippet:-1","max-image-preview":"max-image-preview:large","max-video-preview":"max-video-preview:-1"},"canonical":"https:\/\/hepftig-menschlich.de\/de_es\/einsatzbereiche-der-heilerziehungspflegerinnen\/","og_locale":"de_DE","og_type":"article","og_title":"Einsatzbereiche der Heilerziehungspfleger:innen - HEPftig menschlich","og_description":"Durch die vielseitige Ausbildung zum \/zur Heilerziehungspfleger:in k\u00f6nnen die ausgebildeten Fachkr\u00e4fte in verschiedenen Bereichen t\u00e4tig werden. Heilerziehungspfleger:innen arbeiten zum Beispiel: Verschiedene Wohnformen in der Behindertenhilfe: Hier gibt es verschiedene Modelle, die die unterschiedlichen Unterst\u00fctzungsbedarfe, der Menschen ber\u00fccksichtigen: mehr Infos? -> siehe Interview: Frag einen Heilerziehungspflegehelfer, der auf einer geschlossenen Wohngruppe arbeitet. mehr Infos? -> siehe [&hellip;]","og_url":"https:\/\/hepftig-menschlich.de\/de_es\/einsatzbereiche-der-heilerziehungspflegerinnen\/","og_site_name":"HEPftig menschlich","article_modified_time":"2026-05-06T06:31:07+00:00","og_image":[{"width":1880,"height":1253,"url":"https:\/\/hepftig-menschlich.de\/wp-content\/uploads\/2026\/05\/pexels-photo-18429459.jpeg","type":"image\/jpeg"}],"twitter_card":"summary_large_image","twitter_misc":{"Est. reading time":"2 minutes"},"schema":{"@context":"https:\/\/schema.org","@graph":[{"@type":"WebPage","@id":"https:\/\/hepftig-menschlich.de\/einsatzbereiche-der-heilerziehungspflegerinnen\/","url":"https:\/\/hepftig-menschlich.de\/einsatzbereiche-der-heilerziehungspflegerinnen\/","name":"Einsatzbereiche der Heilerziehungspfleger:innen - HEPftig menschlich","isPartOf":{"@id":"https:\/\/hepftig-menschlich.de\/#website"},"primaryImageOfPage":{"@id":"https:\/\/hepftig-menschlich.de\/einsatzbereiche-der-heilerziehungspflegerinnen\/#primaryimage"},"image":{"@id":"https:\/\/hepftig-menschlich.de\/einsatzbereiche-der-heilerziehungspflegerinnen\/#primaryimage"},"thumbnailUrl":"https:\/\/i0.wp.com\/hepftig-menschlich.de\/wp-content\/uploads\/2026\/05\/pexels-photo-18429459.jpeg?fit=1880%2C1253&ssl=1","datePublished":"2026-05-06T06:31:06+00:00","dateModified":"2026-05-06T06:31:07+00:00","breadcrumb":{"@id":"https:\/\/hepftig-menschlich.de\/einsatzbereiche-der-heilerziehungspflegerinnen\/#breadcrumb"},"inLanguage":"de-ES","potentialAction":[{"@type":"ReadAction","target":["https:\/\/hepftig-menschlich.de\/einsatzbereiche-der-heilerziehungspflegerinnen\/"]}]},{"@type":"ImageObject","inLanguage":"de-ES","@id":"https:\/\/hepftig-menschlich.de\/einsatzbereiche-der-heilerziehungspflegerinnen\/#primaryimage","url":"https:\/\/i0.wp.com\/hepftig-menschlich.de\/wp-content\/uploads\/2026\/05\/pexels-photo-18429459.jpeg?fit=1880%2C1253&ssl=1","contentUrl":"https:\/\/i0.wp.com\/hepftig-menschlich.de\/wp-content\/uploads\/2026\/05\/pexels-photo-18429459.jpeg?fit=1880%2C1253&ssl=1","width":1880,"height":1253,"caption":"Photo by Jsme MILA on Pexels.com"},{"@type":"BreadcrumbList","@id":"https:\/\/hepftig-menschlich.de\/einsatzbereiche-der-heilerziehungspflegerinnen\/#breadcrumb","itemListElement":[{"@type":"ListItem","position":1,"name":"Start","item":"https:\/\/hepftig-menschlich.de\/"},{"@type":"ListItem","position":2,"name":"Einsatzbereiche der Heilerziehungspfleger:innen"}]},{"@type":"WebSite","@id":"https:\/\/hepftig-menschlich.de\/#website","url":"https:\/\/hepftig-menschlich.de\/","name":"HEPftig menschlich","description":"Farben des Alltags","publisher":{"@id":"https:\/\/hepftig-menschlich.de\/#organization"},"potentialAction":[{"@type":"SearchAction","target":{"@type":"EntryPoint","urlTemplate":"https:\/\/hepftig-menschlich.de\/?s={search_term_string}"},"query-input":{"@type":"PropertyValueSpecification","valueRequired":true,"valueName":"search_term_string"}}],"inLanguage":"de-ES"},{"@type":"Organization","@id":"https:\/\/hepftig-menschlich.de\/#organization","name":"HEPftig menschlich","url":"https:\/\/hepftig-menschlich.de\/","logo":{"@type":"ImageObject","inLanguage":"de-ES","@id":"https:\/\/hepftig-menschlich.de\/#\/schema\/logo\/image\/","url":"https:\/\/i0.wp.com\/hepftig-menschlich.de\/wp-content\/uploads\/2025\/10\/logo_hepftigmenschlich_banner.png?fit=4961%2C1024&ssl=1","contentUrl":"https:\/\/i0.wp.com\/hepftig-menschlich.de\/wp-content\/uploads\/2025\/10\/logo_hepftigmenschlich_banner.png?fit=4961%2C1024&ssl=1","width":4961,"height":1024,"caption":"HEPftig menschlich"},"image":{"@id":"https:\/\/hepftig-menschlich.de\/#\/schema\/logo\/image\/"},"sameAs":["https:\/\/www.instagram.com\/hepftig_menschlich"]}]}},"jetpack_shortlink":"https:\/\/wp.me\/PgT0XF-5L","_links":{"self":[{"href":"https:\/\/hepftig-menschlich.de\/de_es\/wp-json\/wp\/v2\/pages\/357","targetHints":{"allow":["GET"]}}],"collection":[{"href":"https:\/\/hepftig-menschlich.de\/de_es\/wp-json\/wp\/v2\/pages"}],"about":[{"href":"https:\/\/hepftig-menschlich.de\/de_es\/wp-json\/wp\/v2\/types\/page"}],"author":[{"embeddable":true,"href":"https:\/\/hepftig-menschlich.de\/de_es\/wp-json\/wp\/v2\/users\/274213892"}],"replies":[{"embeddable":true,"href":"https:\/\/hepftig-menschlich.de\/de_es\/wp-json\/wp\/v2\/comments?post=357"}],"version-history":[{"count":12,"href":"https:\/\/hepftig-menschlich.de\/de_es\/wp-json\/wp\/v2\/pages\/357\/revisions"}],"predecessor-version":[{"id":379,"href":"https:\/\/hepftig-menschlich.de\/de_es\/wp-json\/wp\/v2\/pages\/357\/revisions\/379"}],"wp:featuredmedia":[{"embeddable":true,"href":"https:\/\/hepftig-menschlich.de\/de_es\/wp-json\/wp\/v2\/media\/378"}],"wp:attachment":[{"href":"https:\/\/hepftig-menschlich.de\/de_es\/wp-json\/wp\/v2\/media?parent=357"}],"curies":[{"name":"wp","href":"https:\/\/api.w.org\/{rel}","templated":true}]}}