{"id":36,"date":"2025-11-24T11:26:16","date_gmt":"2025-11-24T10:26:16","guid":{"rendered":"https:\/\/hepftig-menschlich.de\/?page_id=36"},"modified":"2026-02-10T12:28:18","modified_gmt":"2026-02-10T11:28:18","slug":"assistenz","status":"publish","type":"page","link":"https:\/\/hepftig-menschlich.de\/de_es\/assistenz\/","title":{"rendered":"Assistenz"},"content":{"rendered":"<p class=\"wp-block-paragraph\"><\/p>\n\n\n\n<p class=\"wp-block-paragraph\">Assistenz aus der Sicht eines Heilerziehungspflegers<\/p>\n\n\n\n<p class=\"wp-block-paragraph\">F\u00fcr mich bedeutet Assistenz vor allem:<br>\nUnterst\u00fctzung.<br>\nDie Person soll selbst entscheiden.<br>\nSo selbstst\u00e4ndig wie m\u00f6glich.<br>\nAuch wenn sie Hilfe braucht.<br>\n<br>\nAssistenz bedeutet nicht:<br>\nIch mache alles f\u00fcr die Person.<br>\n<br>\nAssistenz bedeutet:<br>\nWir suchen gemeinsam gute Wege.<br>\nDamit das Leben gut gelingt.<br>\n<br>\nEs geht um:<br>\n\u2022 W\u00fcrde<br>\n\u2022 Respekt<br>\n\u2022Teilhabe am Alltag<br><\/p>\n\n\n\n<p class=\"wp-block-paragraph\">Ich spreche zuerst mit der Person.<br>\n<br>\nWir kl\u00e4ren:<br>\n\u2022 Was ist Ihnen wichtig?<br>\n\u2022 Welche Ziele haben Sie?<br>\n\u2022 Was k\u00f6nnen Sie schon gut?<br>\n\u2022 Wobei brauchen Sie Hilfe?<br>\n<br>\nDie Person entscheidet selbst:<br>\n\u2022 Wann m\u00f6chte ich Hilfe?<br>\n\u2022 Wie viel Hilfe m\u00f6chte ich?<br><\/p>\n\n\n\n<p class=\"wp-block-paragraph\">Assistenz betrifft viele Bereiche im Alltag.<br>\n<br>\nZum Beispiel:<br>\n\u2022 Haushalt<br>\n\u2022 Kochen<br>\n\u2022 Einkaufen<br>\n\u2022 K\u00f6rper-Pflege<br>\n<br>\nDabei geht es nicht nur um Pflege.<br>\n<br>\nEs geht darum:<br>\nDie Person soll ihr Leben selbstst\u00e4ndig f\u00fchren.<br>\nIch f\u00f6rdere das Lernen.<br>\nIch erledige Aufgaben nicht einfach schnell f\u00fcr die Person.<br>\n<br>\nBeispiel Einkaufen:<br>\nWir suchen gemeinsam gute L\u00f6sungen.<br>\n\u2022 Wir schreiben eine Einkaufs-Liste.<br>\n\u2022 Wir planen das Geld.<br>\n\u2022 Wir achten auf Barriere-Freiheit.<br>\n\u2022 Wir nutzen Hilfen, zum Beispiel Geb\u00e4rden<br>\noder Unterst\u00fctzte Kommunikation.<br><\/p>\n\n\n\n<p class=\"wp-block-paragraph\">Viele Menschen m\u00f6chten lernen.<br>\nOder arbeiten.<br>\nIch unterst\u00fctze beim Lernen.<br>\nIch \u00fcbe Kommunikation.<br>\nIch st\u00e4rke soziale F\u00e4higkeiten.<br>\nWir suchen passende Angebote<br>\nf\u00fcr Lernen oder Arbeit.<br>\nDie Person bestimmt den Weg.<br>\nIch erkl\u00e4re.<br>\nIch zeige etwas vor.<br>\nIch mache Mut.<br>\nIch helfe, wenn es n\u00f6tig ist.<br>\n<br>\nDas Ziel ist:<br>\nMehr Selbstst\u00e4ndigkeit.<br><\/p>\n\n\n\n<p class=\"wp-block-paragraph\">Soziale Kontakte sind wichtig.<br>\n<br>\nZum Beispiel:<br>\n\u2022 Freundschaften<br>\n\u2022 Gruppen-Angebote<br>\n\u2022 Teilhabe am gesellschaftlichen Leben<br>\n<br>\nWir suchen Wege f\u00fcr gute Kontakte.<br>\nWir bauen Hindernisse ab.<br>\n<br>\nZum Beispiel:<br>\n\u2022 schwere Sprache<br>\n\u2022 unzug\u00e4ngliche R\u00e4ume<br>\n\u2022 Vorurteile<br>\n<br>\nDaf\u00fcr brauche ich:<br>\n\u2022\tEinf\u00fchlungs-Verm\u00f6gen<br>\n\u2022\tGeduld<br>\n\u2022\teine klare und respektvolle Sprache<br><\/p>\n\n\n\n<p class=\"wp-block-paragraph\">Auch Gesundheit ist wichtig.<br>\nIch achte auf Ver\u00e4nderungen.<br>\nIch spreche mit \u00c4rztinnen und \u00c4rzten.<br>\nOder mit Therapeutinnen und Therapeuten.<br>\nIch informiere rechtzeitig.<br>\nIch achte auf Sicherheit.<br>\nAber ich respektiere die Selbst-Bestimmung der Person.<br><\/p>\n\n\n\n<p class=\"wp-block-paragraph\">Assistenz ist eine professionelle Haltung.<br>\nWir arbeiten im Team.<br>\n<br>\nMit:<br>\n\u2022 der Person selbst<br>\n\u2022 der Familie<br>\n\u2022 anderen Fach-Leuten<br>\n<br>\nWir schreiben wichtige Dinge auf.<br>\nWir setzen klare Ziele.<br>\nWir sprechen regelm\u00e4\u00dfig \u00fcber die Arbeit.<br>\nUnd wir bleiben flexibel.<br>\n<br>\nDas Ziel ist immer:<br>\n\u2022 Teilhabe erm\u00f6glichen<br>\n\u2022 Lebens-Qualit\u00e4t verbessern<br>\n\u2022 das Recht auf Selbst-Bestimmung achten<br><\/p>\n\n\n\n<p class=\"wp-block-paragraph\"><\/p>\n\n\n\n<p class=\"wp-block-paragraph\"><\/p>","protected":false},"excerpt":{"rendered":"<p>Assistenz aus der Sicht eines Heilerziehungspflegers F\u00fcr mich als Heilerziehungspflegerin oder Heilerziehungspfleger geht es bei Assistenz vor allem um die Unterst\u00fctzung der Menschen, damit sie selbstbestimmt leben k\u00f6nnen \u2013 so eigenst\u00e4ndig wie m\u00f6glich, trotz ihrer individuellen Bed\u00fcrfnisse. Assistenz bedeutet nicht, Aufgaben f\u00fcr andere zu erledigen, sondern gemeinsam mit ihnen Wege zu finden, wie sie ihr [&hellip;]<\/p>\n","protected":false},"author":272969995,"featured_media":99,"parent":0,"menu_order":0,"comment_status":"closed","ping_status":"closed","template":"","meta":{"_crdt_document":"","footnotes":""},"class_list":["post-36","page","type-page","status-publish","has-post-thumbnail","hentry"],"yoast_head":"<!-- This site is optimized with the Yoast SEO plugin v27.5 - https:\/\/yoast.com\/product\/yoast-seo-wordpress\/ -->\n<title>Assistenz - HEPftig menschlich<\/title>\n<meta name=\"robots\" content=\"index, follow, max-snippet:-1, max-image-preview:large, max-video-preview:-1\" \/>\n<link rel=\"canonical\" href=\"https:\/\/hepftig-menschlich.de\/de_es\/assistenz\/\" \/>\n<meta property=\"og:locale\" content=\"de_DE\" \/>\n<meta property=\"og:type\" content=\"article\" \/>\n<meta property=\"og:title\" content=\"Assistenz - HEPftig menschlich\" \/>\n<meta property=\"og:description\" content=\"Assistenz aus der Sicht eines Heilerziehungspflegers F\u00fcr mich als Heilerziehungspflegerin oder Heilerziehungspfleger geht es bei Assistenz vor allem um die Unterst\u00fctzung der Menschen, damit sie selbstbestimmt leben k\u00f6nnen \u2013 so eigenst\u00e4ndig wie m\u00f6glich, trotz ihrer individuellen Bed\u00fcrfnisse. Assistenz bedeutet nicht, Aufgaben f\u00fcr andere zu erledigen, sondern gemeinsam mit ihnen Wege zu finden, wie sie ihr [&hellip;]\" \/>\n<meta property=\"og:url\" content=\"https:\/\/hepftig-menschlich.de\/de_es\/assistenz\/\" \/>\n<meta property=\"og:site_name\" content=\"HEPftig menschlich\" \/>\n<meta property=\"article:modified_time\" content=\"2026-02-10T11:28:18+00:00\" \/>\n<meta property=\"og:image\" content=\"https:\/\/i0.wp.com\/hepftig-menschlich.de\/wp-content\/uploads\/2025\/11\/pexels-photo-303040.jpeg?fit=1880%2C1253&ssl=1\" \/>\n\t<meta property=\"og:image:width\" content=\"1880\" \/>\n\t<meta property=\"og:image:height\" content=\"1253\" \/>\n\t<meta property=\"og:image:type\" content=\"image\/jpeg\" \/>\n<meta name=\"twitter:card\" content=\"summary_large_image\" \/>\n<meta name=\"twitter:label1\" content=\"Est. reading time\" \/>\n\t<meta name=\"twitter:data1\" content=\"2 minutes\" \/>\n<script type=\"application\/ld+json\" class=\"yoast-schema-graph\">{\"@context\":\"https:\\\/\\\/schema.org\",\"@graph\":[{\"@type\":\"WebPage\",\"@id\":\"https:\\\/\\\/hepftig-menschlich.de\\\/assistenz\\\/\",\"url\":\"https:\\\/\\\/hepftig-menschlich.de\\\/assistenz\\\/\",\"name\":\"Assistenz - HEPftig menschlich\",\"isPartOf\":{\"@id\":\"https:\\\/\\\/hepftig-menschlich.de\\\/#website\"},\"primaryImageOfPage\":{\"@id\":\"https:\\\/\\\/hepftig-menschlich.de\\\/assistenz\\\/#primaryimage\"},\"image\":{\"@id\":\"https:\\\/\\\/hepftig-menschlich.de\\\/assistenz\\\/#primaryimage\"},\"thumbnailUrl\":\"https:\\\/\\\/i0.wp.com\\\/hepftig-menschlich.de\\\/wp-content\\\/uploads\\\/2025\\\/11\\\/pexels-photo-303040.jpeg?fit=1880%2C1253&ssl=1\",\"datePublished\":\"2025-11-24T10:26:16+00:00\",\"dateModified\":\"2026-02-10T11:28:18+00:00\",\"breadcrumb\":{\"@id\":\"https:\\\/\\\/hepftig-menschlich.de\\\/assistenz\\\/#breadcrumb\"},\"inLanguage\":\"de-ES\",\"potentialAction\":[{\"@type\":\"ReadAction\",\"target\":[\"https:\\\/\\\/hepftig-menschlich.de\\\/assistenz\\\/\"]}]},{\"@type\":\"ImageObject\",\"inLanguage\":\"de-ES\",\"@id\":\"https:\\\/\\\/hepftig-menschlich.de\\\/assistenz\\\/#primaryimage\",\"url\":\"https:\\\/\\\/i0.wp.com\\\/hepftig-menschlich.de\\\/wp-content\\\/uploads\\\/2025\\\/11\\\/pexels-photo-303040.jpeg?fit=1880%2C1253&ssl=1\",\"contentUrl\":\"https:\\\/\\\/i0.wp.com\\\/hepftig-menschlich.de\\\/wp-content\\\/uploads\\\/2025\\\/11\\\/pexels-photo-303040.jpeg?fit=1880%2C1253&ssl=1\",\"width\":1880,\"height\":1253,\"caption\":\"Photo by Riccardo on Pexels.com\"},{\"@type\":\"BreadcrumbList\",\"@id\":\"https:\\\/\\\/hepftig-menschlich.de\\\/assistenz\\\/#breadcrumb\",\"itemListElement\":[{\"@type\":\"ListItem\",\"position\":1,\"name\":\"Start\",\"item\":\"https:\\\/\\\/hepftig-menschlich.de\\\/\"},{\"@type\":\"ListItem\",\"position\":2,\"name\":\"Assistenz\"}]},{\"@type\":\"WebSite\",\"@id\":\"https:\\\/\\\/hepftig-menschlich.de\\\/#website\",\"url\":\"https:\\\/\\\/hepftig-menschlich.de\\\/\",\"name\":\"HEPftig menschlich\",\"description\":\"Farben des Alltags\",\"publisher\":{\"@id\":\"https:\\\/\\\/hepftig-menschlich.de\\\/#organization\"},\"potentialAction\":[{\"@type\":\"SearchAction\",\"target\":{\"@type\":\"EntryPoint\",\"urlTemplate\":\"https:\\\/\\\/hepftig-menschlich.de\\\/?s={search_term_string}\"},\"query-input\":{\"@type\":\"PropertyValueSpecification\",\"valueRequired\":true,\"valueName\":\"search_term_string\"}}],\"inLanguage\":\"de-ES\"},{\"@type\":\"Organization\",\"@id\":\"https:\\\/\\\/hepftig-menschlich.de\\\/#organization\",\"name\":\"HEPftig menschlich\",\"url\":\"https:\\\/\\\/hepftig-menschlich.de\\\/\",\"logo\":{\"@type\":\"ImageObject\",\"inLanguage\":\"de-ES\",\"@id\":\"https:\\\/\\\/hepftig-menschlich.de\\\/#\\\/schema\\\/logo\\\/image\\\/\",\"url\":\"https:\\\/\\\/i0.wp.com\\\/hepftig-menschlich.de\\\/wp-content\\\/uploads\\\/2025\\\/10\\\/logo_hepftigmenschlich_banner.png?fit=4961%2C1024&ssl=1\",\"contentUrl\":\"https:\\\/\\\/i0.wp.com\\\/hepftig-menschlich.de\\\/wp-content\\\/uploads\\\/2025\\\/10\\\/logo_hepftigmenschlich_banner.png?fit=4961%2C1024&ssl=1\",\"width\":4961,\"height\":1024,\"caption\":\"HEPftig menschlich\"},\"image\":{\"@id\":\"https:\\\/\\\/hepftig-menschlich.de\\\/#\\\/schema\\\/logo\\\/image\\\/\"},\"sameAs\":[\"https:\\\/\\\/www.instagram.com\\\/hepftig_menschlich\"]}]}<\/script>\n<!-- \/ Yoast SEO plugin. -->","yoast_head_json":{"title":"Assistenz - HEPftig menschlich","robots":{"index":"index","follow":"follow","max-snippet":"max-snippet:-1","max-image-preview":"max-image-preview:large","max-video-preview":"max-video-preview:-1"},"canonical":"https:\/\/hepftig-menschlich.de\/de_es\/assistenz\/","og_locale":"de_DE","og_type":"article","og_title":"Assistenz - HEPftig menschlich","og_description":"Assistenz aus der Sicht eines Heilerziehungspflegers F\u00fcr mich als Heilerziehungspflegerin oder Heilerziehungspfleger geht es bei Assistenz vor allem um die Unterst\u00fctzung der Menschen, damit sie selbstbestimmt leben k\u00f6nnen \u2013 so eigenst\u00e4ndig wie m\u00f6glich, trotz ihrer individuellen Bed\u00fcrfnisse. Assistenz bedeutet nicht, Aufgaben f\u00fcr andere zu erledigen, sondern gemeinsam mit ihnen Wege zu finden, wie sie ihr [&hellip;]","og_url":"https:\/\/hepftig-menschlich.de\/de_es\/assistenz\/","og_site_name":"HEPftig menschlich","article_modified_time":"2026-02-10T11:28:18+00:00","og_image":[{"width":1880,"height":1253,"url":"https:\/\/i0.wp.com\/hepftig-menschlich.de\/wp-content\/uploads\/2025\/11\/pexels-photo-303040.jpeg?fit=1880%2C1253&ssl=1","type":"image\/jpeg"}],"twitter_card":"summary_large_image","twitter_misc":{"Est. reading time":"2 minutes"},"schema":{"@context":"https:\/\/schema.org","@graph":[{"@type":"WebPage","@id":"https:\/\/hepftig-menschlich.de\/assistenz\/","url":"https:\/\/hepftig-menschlich.de\/assistenz\/","name":"Assistenz - HEPftig menschlich","isPartOf":{"@id":"https:\/\/hepftig-menschlich.de\/#website"},"primaryImageOfPage":{"@id":"https:\/\/hepftig-menschlich.de\/assistenz\/#primaryimage"},"image":{"@id":"https:\/\/hepftig-menschlich.de\/assistenz\/#primaryimage"},"thumbnailUrl":"https:\/\/i0.wp.com\/hepftig-menschlich.de\/wp-content\/uploads\/2025\/11\/pexels-photo-303040.jpeg?fit=1880%2C1253&ssl=1","datePublished":"2025-11-24T10:26:16+00:00","dateModified":"2026-02-10T11:28:18+00:00","breadcrumb":{"@id":"https:\/\/hepftig-menschlich.de\/assistenz\/#breadcrumb"},"inLanguage":"de-ES","potentialAction":[{"@type":"ReadAction","target":["https:\/\/hepftig-menschlich.de\/assistenz\/"]}]},{"@type":"ImageObject","inLanguage":"de-ES","@id":"https:\/\/hepftig-menschlich.de\/assistenz\/#primaryimage","url":"https:\/\/i0.wp.com\/hepftig-menschlich.de\/wp-content\/uploads\/2025\/11\/pexels-photo-303040.jpeg?fit=1880%2C1253&ssl=1","contentUrl":"https:\/\/i0.wp.com\/hepftig-menschlich.de\/wp-content\/uploads\/2025\/11\/pexels-photo-303040.jpeg?fit=1880%2C1253&ssl=1","width":1880,"height":1253,"caption":"Photo by Riccardo on Pexels.com"},{"@type":"BreadcrumbList","@id":"https:\/\/hepftig-menschlich.de\/assistenz\/#breadcrumb","itemListElement":[{"@type":"ListItem","position":1,"name":"Start","item":"https:\/\/hepftig-menschlich.de\/"},{"@type":"ListItem","position":2,"name":"Assistenz"}]},{"@type":"WebSite","@id":"https:\/\/hepftig-menschlich.de\/#website","url":"https:\/\/hepftig-menschlich.de\/","name":"HEPftig menschlich","description":"Farben des Alltags","publisher":{"@id":"https:\/\/hepftig-menschlich.de\/#organization"},"potentialAction":[{"@type":"SearchAction","target":{"@type":"EntryPoint","urlTemplate":"https:\/\/hepftig-menschlich.de\/?s={search_term_string}"},"query-input":{"@type":"PropertyValueSpecification","valueRequired":true,"valueName":"search_term_string"}}],"inLanguage":"de-ES"},{"@type":"Organization","@id":"https:\/\/hepftig-menschlich.de\/#organization","name":"HEPftig menschlich","url":"https:\/\/hepftig-menschlich.de\/","logo":{"@type":"ImageObject","inLanguage":"de-ES","@id":"https:\/\/hepftig-menschlich.de\/#\/schema\/logo\/image\/","url":"https:\/\/i0.wp.com\/hepftig-menschlich.de\/wp-content\/uploads\/2025\/10\/logo_hepftigmenschlich_banner.png?fit=4961%2C1024&ssl=1","contentUrl":"https:\/\/i0.wp.com\/hepftig-menschlich.de\/wp-content\/uploads\/2025\/10\/logo_hepftigmenschlich_banner.png?fit=4961%2C1024&ssl=1","width":4961,"height":1024,"caption":"HEPftig menschlich"},"image":{"@id":"https:\/\/hepftig-menschlich.de\/#\/schema\/logo\/image\/"},"sameAs":["https:\/\/www.instagram.com\/hepftig_menschlich"]}]}},"jetpack_shortlink":"https:\/\/wp.me\/PgT0XF-A","_links":{"self":[{"href":"https:\/\/hepftig-menschlich.de\/de_es\/wp-json\/wp\/v2\/pages\/36","targetHints":{"allow":["GET"]}}],"collection":[{"href":"https:\/\/hepftig-menschlich.de\/de_es\/wp-json\/wp\/v2\/pages"}],"about":[{"href":"https:\/\/hepftig-menschlich.de\/de_es\/wp-json\/wp\/v2\/types\/page"}],"author":[{"embeddable":true,"href":"https:\/\/hepftig-menschlich.de\/de_es\/wp-json\/wp\/v2\/users\/272969995"}],"replies":[{"embeddable":true,"href":"https:\/\/hepftig-menschlich.de\/de_es\/wp-json\/wp\/v2\/comments?post=36"}],"version-history":[{"count":16,"href":"https:\/\/hepftig-menschlich.de\/de_es\/wp-json\/wp\/v2\/pages\/36\/revisions"}],"predecessor-version":[{"id":147,"href":"https:\/\/hepftig-menschlich.de\/de_es\/wp-json\/wp\/v2\/pages\/36\/revisions\/147"}],"wp:featuredmedia":[{"embeddable":true,"href":"https:\/\/hepftig-menschlich.de\/de_es\/wp-json\/wp\/v2\/media\/99"}],"wp:attachment":[{"href":"https:\/\/hepftig-menschlich.de\/de_es\/wp-json\/wp\/v2\/media?parent=36"}],"curies":[{"name":"wp","href":"https:\/\/api.w.org\/{rel}","templated":true}]}}